{"id":579,"date":"2022-10-04T09:04:42","date_gmt":"2022-10-04T07:04:42","guid":{"rendered":"https:\/\/echiquier-montois.fr\/?page_id=579"},"modified":"2022-10-04T09:07:05","modified_gmt":"2022-10-04T07:07:05","slug":"open-de-noel-2020","status":"publish","type":"page","link":"https:\/\/echiquier-montois.fr\/index.php\/opens\/open-de-noel\/open-de-noel-2020\/","title":{"rendered":"Open de No\u00ebl 2020"},"content":{"rendered":"\n<figure class=\"wp-block-image size-full\"><img loading=\"lazy\" decoding=\"async\" width=\"160\" height=\"226\" src=\"https:\/\/echiquier-montois.fr\/wp-content\/uploads\/2022\/10\/affiche2020-160.jpg\" alt=\"\" class=\"wp-image-580\"\/><\/figure>\n\n\n\n<p>En raison de la pand\u00e9mie de Covid 19, le tournoi de No\u00ebl 2020 a \u00e9t\u00e9 annul\u00e9&#8230;<\/p>\n","protected":false},"excerpt":{"rendered":"<p>En raison de la pand\u00e9mie de Covid 19, le tournoi de No\u00ebl 2020 a \u00e9t\u00e9 annul\u00e9&#8230;<\/p>\n","protected":false},"author":1,"featured_media":0,"parent":155,"menu_order":0,"comment_status":"closed","ping_status":"closed","template":"","meta":{"_regular_price":[],"currency_symbol":[],"footnotes":""},"class_list":["post-579","page","type-page","status-publish","hentry"],"post_slider_layout_featured_media_urls":{"thumbnail":"","post_slider_layout_landscape_large":"","post_slider_layout_portrait_large":"","post_slider_layout_square_large":"","post_slider_layout_landscape":"","post_slider_layout_portrait":"","post_slider_layout_square":"","full":""},"_links":{"self":[{"href":"https:\/\/echiquier-montois.fr\/index.php\/wp-json\/wp\/v2\/pages\/579","targetHints":{"allow":["GET"]}}],"collection":[{"href":"https:\/\/echiquier-montois.fr\/index.php\/wp-json\/wp\/v2\/pages"}],"about":[{"href":"https:\/\/echiquier-montois.fr\/index.php\/wp-json\/wp\/v2\/types\/page"}],"author":[{"embeddable":true,"href":"https:\/\/echiquier-montois.fr\/index.php\/wp-json\/wp\/v2\/users\/1"}],"replies":[{"embeddable":true,"href":"https:\/\/echiquier-montois.fr\/index.php\/wp-json\/wp\/v2\/comments?post=579"}],"version-history":[{"count":1,"href":"https:\/\/echiquier-montois.fr\/index.php\/wp-json\/wp\/v2\/pages\/579\/revisions"}],"predecessor-version":[{"id":581,"href":"https:\/\/echiquier-montois.fr\/index.php\/wp-json\/wp\/v2\/pages\/579\/revisions\/581"}],"up":[{"embeddable":true,"href":"https:\/\/echiquier-montois.fr\/index.php\/wp-json\/wp\/v2\/pages\/155"}],"wp:attachment":[{"href":"https:\/\/echiquier-montois.fr\/index.php\/wp-json\/wp\/v2\/media?parent=579"}],"curies":[{"name":"wp","href":"https:\/\/api.w.org\/{rel}","templated":true}]}}