{"id":491,"date":"2022-10-02T13:21:14","date_gmt":"2022-10-02T11:21:14","guid":{"rendered":"https:\/\/echiquier-montois.fr\/?page_id=491"},"modified":"2022-12-14T18:54:51","modified_gmt":"2022-12-14T17:54:51","slug":"open-de-noel-2022","status":"publish","type":"page","link":"https:\/\/echiquier-montois.fr\/index.php\/opens\/open-de-noel\/open-de-noel-2022\/","title":{"rendered":"Open de No\u00ebl 2022"},"content":{"rendered":"<div class=\"wp-block-image\">\n<figure class=\"aligncenter size-large\"><img loading=\"lazy\" decoding=\"async\" width=\"724\" height=\"1024\" src=\"https:\/\/echiquier-montois.fr\/wp-content\/uploads\/2022\/12\/affiche2022-v2-724x1024.jpg\" alt=\"\" class=\"wp-image-716\"\/><\/figure>\n<\/div>\n\n\n<figure id=\"ctl00_ContentPlaceHolderMain_TableTournoi\" class=\"wp-block-table\"><table><tbody><tr><td>19e Open International de Noel de Mont de Marsan<\/td><\/tr><tr><td>40 &#8211; MONT DE MARSAN<\/td><\/tr><tr><td>Dates :<\/td><td>lundi 26 d\u00e9cembre 2022 &#8211; vendredi 30 d\u00e9cembre 2022<\/td><\/tr><tr><td>Prise en compte Elo FIDE :<\/td><td>FIDE F\u00e9vrier 2023<\/td><\/tr><tr><td>Homologu\u00e9 par :<\/td><td>FFE<\/td><\/tr><tr><td>Nombre de rondes :<\/td><td>9<\/td><\/tr><tr><td>Cadence :<\/td><td>1h30 + [30&#8221;]<\/td><\/tr><tr><td>Appariements :<\/td><td>Suisse<\/td><\/tr><tr><td>Organisateur :<\/td><td>DUBERTRAND Bernard<\/td><\/tr><tr><td>Arbitre :<\/td><td>LUCAZEAU Alain<\/td><\/tr><tr><td>Adresse :<\/td><td>Chateau de Nahuques route de Villeneuve 40000 Mont de Marsan<\/td><\/tr><tr><td>Contact :<\/td><td>DUBERTRAND Bernard &#8211; 06 72 04 05 88 &#8211; b.dubertrand@orange.fr<\/td><\/tr><tr><td>Total des prix :<\/td><td>5&nbsp;500 \u20ac<\/td><\/tr><tr><td>1<sup>er<\/sup>&nbsp;Prix :<\/td><td>1&nbsp;000 \u20ac<\/td><\/tr><tr><td>2<sup>\u00e8me<\/sup>&nbsp;Prix :<\/td><td>850 \u20ac<\/td><\/tr><tr><td>3<sup>\u00e8me<\/sup>&nbsp;Prix :<\/td><td>700 \u20ac<\/td><\/tr><tr><td>Inscription Senior :<\/td><td>52 \u20ac (60 \u20ac \u00e0 partir du 20\/12\/2022)<\/td><\/tr><tr><td>Inscription Jeunes :<\/td><td>26 \u20ac (30 \u20ac \u00e0 partir du 20\/12\/2022)<\/td><\/tr><tr><td>Annonce :<\/td><td>MONT DE MARSAN<br>Du 26\/12\/22 au 30\/12\/22 : 19\u00e8me Open International de No\u00ebl.<br>Lieu : Ch\u00e2teau de NAHUQUES, Route de Villeneuve, 40000 Mont de Marsan.<br>Total : 5500 \u20ac. 1er prix : 1000 \u20ac. 8 prix au g\u00e9n\u00e9ral. Plusieurs prix par cat. ELO.<br>Homologu\u00e9 FIDE, 9 rondes. 1 H 30 + 30 sec\/coup<br>1\u00e8re ronde le 26\/12 \u00e0 11H. Limite du pointage: 10H30.<br>Possibilit\u00e9 1 Bye jusqu\u2019\u00e0 la Ronde 6 (Sauf MI et GMI).<br>Insc. Adulte : 52\u20ac &#8211; jeune (-20 ans) ou f\u00e9minine : 26\u20ac (60\/30 apr\u00e8s le 20\/12)<br>Gratuit pour GMI\/MI si confirmation avant le 05\/12.<br>Navette possible durant le tournoi, entre l\u2019h\u00f4tel et la salle de jeu et depuis la gare le 1er et le dernier jour.<br>Rens: B. DUBERTRAND \u2013 t\u00e9l: 06 72 04 05 88 \u2013 e.mail: b.dubertrand@orange.fr<\/td><\/tr><\/tbody><\/table><\/figure>\n\n\n\n<p><a href=\"http:\/\/www.echecs.asso.fr\/Resultats.aspx?URL=Tournois\/Id\/56692\/56692&amp;Action=Ls\">Liste <\/a><a href=\"http:\/\/www.echecs.asso.fr\/Resultats.aspx?URL=Tournois\/Id\/56692\/56692&amp;Action=Ls\" target=\"_blank\" rel=\"noreferrer noopener\">des <\/a><a href=\"http:\/\/www.echecs.asso.fr\/Resultats.aspx?URL=Tournois\/Id\/56692\/56692&amp;Action=Ls\">Inscrits <\/a><\/p>\n","protected":false},"excerpt":{"rendered":"<p>19e Open International de Noel de Mont de Marsan 40 &#8211; MONT DE MARSAN Dates : lundi 26 d\u00e9cembre 2022 &#8211; vendredi 30 d\u00e9cembre 2022 Prise en compte Elo FIDE : FIDE F\u00e9vrier 2023 Homologu\u00e9 par : FFE Nombre de rondes : 9 Cadence : 1h30 + [30&#8221;] Appariements : Suisse Organisateur : DUBERTRAND Bernard [&hellip;]<\/p>\n","protected":false},"author":1,"featured_media":0,"parent":155,"menu_order":0,"comment_status":"closed","ping_status":"closed","template":"","meta":{"_regular_price":[],"currency_symbol":[],"footnotes":""},"class_list":["post-491","page","type-page","status-publish","hentry"],"post_slider_layout_featured_media_urls":{"thumbnail":"","post_slider_layout_landscape_large":"","post_slider_layout_portrait_large":"","post_slider_layout_square_large":"","post_slider_layout_landscape":"","post_slider_layout_portrait":"","post_slider_layout_square":"","full":""},"_links":{"self":[{"href":"https:\/\/echiquier-montois.fr\/index.php\/wp-json\/wp\/v2\/pages\/491","targetHints":{"allow":["GET"]}}],"collection":[{"href":"https:\/\/echiquier-montois.fr\/index.php\/wp-json\/wp\/v2\/pages"}],"about":[{"href":"https:\/\/echiquier-montois.fr\/index.php\/wp-json\/wp\/v2\/types\/page"}],"author":[{"embeddable":true,"href":"https:\/\/echiquier-montois.fr\/index.php\/wp-json\/wp\/v2\/users\/1"}],"replies":[{"embeddable":true,"href":"https:\/\/echiquier-montois.fr\/index.php\/wp-json\/wp\/v2\/comments?post=491"}],"version-history":[{"count":5,"href":"https:\/\/echiquier-montois.fr\/index.php\/wp-json\/wp\/v2\/pages\/491\/revisions"}],"predecessor-version":[{"id":717,"href":"https:\/\/echiquier-montois.fr\/index.php\/wp-json\/wp\/v2\/pages\/491\/revisions\/717"}],"up":[{"embeddable":true,"href":"https:\/\/echiquier-montois.fr\/index.php\/wp-json\/wp\/v2\/pages\/155"}],"wp:attachment":[{"href":"https:\/\/echiquier-montois.fr\/index.php\/wp-json\/wp\/v2\/media?parent=491"}],"curies":[{"name":"wp","href":"https:\/\/api.w.org\/{rel}","templated":true}]}}